{"id":4437,"date":"2022-09-16T15:10:30","date_gmt":"2022-09-16T13:10:30","guid":{"rendered":"https:\/\/www.blockyforveeam.com\/impressum\/"},"modified":"2024-02-29T16:52:46","modified_gmt":"2024-02-29T15:52:46","slug":"imprint","status":"publish","type":"page","link":"https:\/\/www.blockyforveeam.com\/en\/imprint\/","title":{"rendered":"Imprint"},"content":{"rendered":"<div id='av_section_1'  class='avia-section av-av4p1-bc0c441f074c2b257078319022150a1a main_color avia-section-default avia-no-border-styling  avia-builder-el-0  avia-builder-el-no-sibling  avia-bg-style-scroll container_wrap fullsize'  ><div class='container av-section-cont-open' ><main  role=\"main\" itemprop=\"mainContentOfPage\"  class='template-page content  av-content-full alpha units'><div class='post-entry post-entry-type-page post-entry-4437'><div class='entry-content-wrapper clearfix'>\n\n<style type=\"text\/css\" data-created_by=\"avia_inline_auto\" id=\"style-css-av-lagys45k-7cd20ddbbd3256a002da5cf083c2bd9d\">\n#top .av-special-heading.av-lagys45k-7cd20ddbbd3256a002da5cf083c2bd9d{\npadding-bottom:10px;\n}\nbody .av-special-heading.av-lagys45k-7cd20ddbbd3256a002da5cf083c2bd9d .av-special-heading-tag .heading-char{\nfont-size:25px;\n}\n.av-special-heading.av-lagys45k-7cd20ddbbd3256a002da5cf083c2bd9d .av-subheading{\nfont-size:15px;\n}\n<\/style>\n<div  id=\"impressum-heading\"  class='av-special-heading av-lagys45k-7cd20ddbbd3256a002da5cf083c2bd9d av-special-heading-h1 custom-color-heading blockquote modern-quote modern-centered  avia-builder-el-1  el_before_av_textblock  avia-builder-el-first '><h1 class='av-special-heading-tag '  itemprop=\"headline\"  >Imprint<\/h1><div class=\"special-heading-border\"><div class=\"special-heading-inner-border\"><\/div><\/div><\/div>\n<section  class='av_textblock_section av-lagyr6d4-656d6ba02c920bee7480597056187466 '   itemscope=\"itemscope\" itemtype=\"https:\/\/schema.org\/CreativeWork\" ><div class='avia_textblock'  itemprop=\"text\" ><div class=\"title\"><strong>GRAU DATA GmbH<\/strong><\/div>\n<p>Marie-Curie-Stra\u00dfe 19, 73529 Schwaebisch Gmuend, Germany<\/p>\n<p>Tel.: +49 (0) 7171 \/ 187 \u2013 0<br \/>\nFax: +49 (0) 7171 \/ 187 \u2013 250<\/p>\n<div class=\"title marg\"><strong>Managment<\/strong><\/div>\n<p>Herbert Grau &#8211; CEO | Adriana Grau &#8211; CEO<\/p>\n<div class=\"title\"><strong>Registration<\/strong><\/div>\n<p>Handelsregister des Amtsgerichts Ulm (Trade registry for Ulm):<br \/>\nHRB 734696<\/p>\n<div class=\"title marg\">VAT Identification Number<\/div>\n<p>DE309510202<\/p>\n<div class=\"title marg\"><strong>Disclaimer<\/strong><\/div>\n<p>Despite careful control of the content we assume no liability for the content of external links. Responsibility for the contents of sites linked from this one remains with the operator of those sites.<\/p>\n<p><strong>Privacy policy<\/strong><br \/>\nWhen using our website, you may be asked to provide personal information. This personal data will be stored and processed in accordance with German data protection regulations.<\/p>\n<p><strong>Separate source note to the acquired photo in the background of the web page:<\/strong><\/p>\n<p><strong>iStock<\/strong><\/p>\n<p>\u00a9ipopba \u2013 www.istockphoto.com\/de | Hand des Ber\u00fchrens globales Netzwerk Verbindung und Datenaustausch auf dem Planeten Erde Hintergrund, Elemente des Bildes von der NASA eingerichtet \u00a9marchmeena29 \u2013 www.istockphoto.com\/de | Schutz Netzwerk Sicherheit Computer und sicher Ihre Datenkonzept, Gesch\u00e4ftsmann Betrieb Schild sch\u00fctzt Symbol \u00a9courtneyk \u2013 www.istockphoto.com\/de | Gesch\u00e4ftsleute H\u00e4ndesch\u00fctteln am Board Zimmer Tisch. \u00a9ChakisAtelier \u2013 www.istockphoto.com\/de | Schloss Sicherheit Sperre Konzept elektronische Zukunftstechnologie Hintergrund, Vektor-illustration \u00a9scanrail \u2013 www.istockphoto.com\/de | Server Zimmer in datacenter innen \u00a9scyther5 \u2013 www.istockphoto.com\/de | Stapel von H\u00e4nden. Einheit und Teamwork Konzept. \u00a9Reniw-Imagery \u2013 www.istockphoto.com\/de | Gro\u00dfe blaue Welle \u2013 Stockfoto Tsunami, Welle, Wellentunnel, Fidschi, Meer<\/p>\n<p><strong>Shutterstock<\/strong><\/p>\n<p>\u00a9Tatiana Popova \u2013 www.shutterstock.com | Lock and key in hands isolated on white background \u00a9VikaSuh \u2013 www.shutterstock.com | Virtual technology vector background. Eps 10.<\/p>\n<p><strong>More sources:<\/strong><\/p>\n<p>\u00a9Henssler und Schultheiss Design<\/p>\n<p><strong>Implementation:<\/strong><br \/>\n<a title=\"Agentur f\u00fcr WordPress in Stuttgart\" href=\"https:\/\/www.econsor.de\/wordpress\/wordpress-agentur-stuttgart\" target=\"_blank\" rel=\"noopener\">ECONSOR | WordPress-Agentur in Stuttgart<\/a><\/p>\n<p>Villastr. 1<br \/>\n70190 Stuttgart<\/p>\n<p>Phone: +49 711 \/ 46 05 89 &#8211; 51<\/p>\n<p>info@econsor.de<br \/>\n<a title=\"Digitalagentur\" href=\"https:\/\/www.econsor.de\/\" target=\"_blank\" rel=\"noopener\">www.econsor.de<\/a><\/p>\n<\/div><\/section>\n\n","protected":false},"excerpt":{"rendered":"","protected":false},"author":1,"featured_media":0,"parent":0,"menu_order":0,"comment_status":"closed","ping_status":"closed","template":"","meta":{"_acf_changed":false,"footnotes":""},"class_list":["post-4437","page","type-page","status-publish","hentry"],"acf":[],"yoast_head":"<!-- This site is optimized with the Yoast SEO plugin v27.3 - https:\/\/yoast.com\/product\/yoast-seo-wordpress\/ -->\n<title>Imprint - Blocky for Veeam<\/title>\n<meta name=\"robots\" content=\"index, follow, max-snippet:-1, max-image-preview:large, max-video-preview:-1\" \/>\n<link rel=\"canonical\" href=\"https:\/\/www.blockyforveeam.com\/en\/imprint\/\" \/>\n<meta property=\"og:locale\" content=\"en_US\" \/>\n<meta property=\"og:type\" content=\"article\" \/>\n<meta property=\"og:title\" content=\"Imprint - Blocky for Veeam\" \/>\n<meta property=\"og:url\" content=\"https:\/\/www.blockyforveeam.com\/en\/imprint\/\" \/>\n<meta property=\"og:site_name\" content=\"Blocky for Veeam\" \/>\n<meta property=\"article:modified_time\" content=\"2024-02-29T15:52:46+00:00\" \/>\n<meta name=\"twitter:card\" content=\"summary_large_image\" \/>\n<meta name=\"twitter:label1\" content=\"Est. reading time\" \/>\n\t<meta name=\"twitter:data1\" content=\"3 minutes\" \/>\n<script type=\"application\/ld+json\" class=\"yoast-schema-graph\">{\"@context\":\"https:\\\/\\\/schema.org\",\"@graph\":[{\"@type\":\"WebPage\",\"@id\":\"https:\\\/\\\/www.blockyforveeam.com\\\/en\\\/imprint\\\/\",\"url\":\"https:\\\/\\\/www.blockyforveeam.com\\\/en\\\/imprint\\\/\",\"name\":\"Imprint - Blocky for Veeam\",\"isPartOf\":{\"@id\":\"https:\\\/\\\/www.blockyforveeam.com\\\/en\\\/#website\"},\"datePublished\":\"2022-09-16T13:10:30+00:00\",\"dateModified\":\"2024-02-29T15:52:46+00:00\",\"breadcrumb\":{\"@id\":\"https:\\\/\\\/www.blockyforveeam.com\\\/en\\\/imprint\\\/#breadcrumb\"},\"inLanguage\":\"en-US\",\"potentialAction\":[{\"@type\":\"ReadAction\",\"target\":[\"https:\\\/\\\/www.blockyforveeam.com\\\/en\\\/imprint\\\/\"]}]},{\"@type\":\"BreadcrumbList\",\"@id\":\"https:\\\/\\\/www.blockyforveeam.com\\\/en\\\/imprint\\\/#breadcrumb\",\"itemListElement\":[{\"@type\":\"ListItem\",\"position\":1,\"name\":\"Startseite\",\"item\":\"https:\\\/\\\/www.blockyforveeam.com\\\/en\\\/\"},{\"@type\":\"ListItem\",\"position\":2,\"name\":\"Imprint\"}]},{\"@type\":\"WebSite\",\"@id\":\"https:\\\/\\\/www.blockyforveeam.com\\\/en\\\/#website\",\"url\":\"https:\\\/\\\/www.blockyforveeam.com\\\/en\\\/\",\"name\":\"Blocky for Veeam\",\"description\":\"Ransomware-Schutz f\u00fcr Veeam Backups\",\"potentialAction\":[{\"@type\":\"SearchAction\",\"target\":{\"@type\":\"EntryPoint\",\"urlTemplate\":\"https:\\\/\\\/www.blockyforveeam.com\\\/en\\\/?s={search_term_string}\"},\"query-input\":{\"@type\":\"PropertyValueSpecification\",\"valueRequired\":true,\"valueName\":\"search_term_string\"}}],\"inLanguage\":\"en-US\"}]}<\/script>\n<!-- \/ Yoast SEO plugin. -->","yoast_head_json":{"title":"Imprint - Blocky for Veeam","robots":{"index":"index","follow":"follow","max-snippet":"max-snippet:-1","max-image-preview":"max-image-preview:large","max-video-preview":"max-video-preview:-1"},"canonical":"https:\/\/www.blockyforveeam.com\/en\/imprint\/","og_locale":"en_US","og_type":"article","og_title":"Imprint - Blocky for Veeam","og_url":"https:\/\/www.blockyforveeam.com\/en\/imprint\/","og_site_name":"Blocky for Veeam","article_modified_time":"2024-02-29T15:52:46+00:00","twitter_card":"summary_large_image","twitter_misc":{"Est. reading time":"3 minutes"},"schema":{"@context":"https:\/\/schema.org","@graph":[{"@type":"WebPage","@id":"https:\/\/www.blockyforveeam.com\/en\/imprint\/","url":"https:\/\/www.blockyforveeam.com\/en\/imprint\/","name":"Imprint - Blocky for Veeam","isPartOf":{"@id":"https:\/\/www.blockyforveeam.com\/en\/#website"},"datePublished":"2022-09-16T13:10:30+00:00","dateModified":"2024-02-29T15:52:46+00:00","breadcrumb":{"@id":"https:\/\/www.blockyforveeam.com\/en\/imprint\/#breadcrumb"},"inLanguage":"en-US","potentialAction":[{"@type":"ReadAction","target":["https:\/\/www.blockyforveeam.com\/en\/imprint\/"]}]},{"@type":"BreadcrumbList","@id":"https:\/\/www.blockyforveeam.com\/en\/imprint\/#breadcrumb","itemListElement":[{"@type":"ListItem","position":1,"name":"Startseite","item":"https:\/\/www.blockyforveeam.com\/en\/"},{"@type":"ListItem","position":2,"name":"Imprint"}]},{"@type":"WebSite","@id":"https:\/\/www.blockyforveeam.com\/en\/#website","url":"https:\/\/www.blockyforveeam.com\/en\/","name":"Blocky for Veeam","description":"Ransomware-Schutz f\u00fcr Veeam Backups","potentialAction":[{"@type":"SearchAction","target":{"@type":"EntryPoint","urlTemplate":"https:\/\/www.blockyforveeam.com\/en\/?s={search_term_string}"},"query-input":{"@type":"PropertyValueSpecification","valueRequired":true,"valueName":"search_term_string"}}],"inLanguage":"en-US"}]}},"_links":{"self":[{"href":"https:\/\/www.blockyforveeam.com\/en\/wp-json\/wp\/v2\/pages\/4437","targetHints":{"allow":["GET"]}}],"collection":[{"href":"https:\/\/www.blockyforveeam.com\/en\/wp-json\/wp\/v2\/pages"}],"about":[{"href":"https:\/\/www.blockyforveeam.com\/en\/wp-json\/wp\/v2\/types\/page"}],"author":[{"embeddable":true,"href":"https:\/\/www.blockyforveeam.com\/en\/wp-json\/wp\/v2\/users\/1"}],"replies":[{"embeddable":true,"href":"https:\/\/www.blockyforveeam.com\/en\/wp-json\/wp\/v2\/comments?post=4437"}],"version-history":[{"count":0,"href":"https:\/\/www.blockyforveeam.com\/en\/wp-json\/wp\/v2\/pages\/4437\/revisions"}],"wp:attachment":[{"href":"https:\/\/www.blockyforveeam.com\/en\/wp-json\/wp\/v2\/media?parent=4437"}],"curies":[{"name":"wp","href":"https:\/\/api.w.org\/{rel}","templated":true}]}}