{"id":6303,"date":"2023-04-25T11:37:39","date_gmt":"2023-04-25T09:37:39","guid":{"rendered":"https:\/\/www.blockyforveeam.com\/referencias\/"},"modified":"2024-10-08T10:57:13","modified_gmt":"2024-10-08T08:57:13","slug":"referencias","status":"publish","type":"page","link":"https:\/\/www.blockyforveeam.com\/es\/referencias\/","title":{"rendered":"Referencias"},"content":{"rendered":"<p>\n<style type=\"text\/css\" data-created_by=\"avia_inline_auto\" id=\"style-css-av-13n2uh0-d935eacdc9896e2c80a268a343c972e0\">\n.avia-section.av-13n2uh0-d935eacdc9896e2c80a268a343c972e0{\nbackground-color:#edf5fa;\nbackground:linear-gradient( to bottom, #edf5fa, #ffffff );\nmargin-top:120px;\nmargin-bottom:0;\n}\n<\/style>\n<div id='av_section_1'  class='avia-section av-13n2uh0-d935eacdc9896e2c80a268a343c972e0 main_color avia-section-default avia-no-border-styling  avia-builder-el-0  el_before_av_section  avia-builder-el-first  flex_full_width invalid-custom-class-found avia-bg-style-scroll container_wrap fullsize'  ><div class='container av-section-cont-open' ><main  role=\"main\" itemprop=\"mainContentOfPage\"  class='template-page content  av-content-full alpha units'><div class='post-entry post-entry-type-page post-entry-6303'><div class='entry-content-wrapper clearfix'>\n<div class='flex_column_table av-11ndedg-57d16bf8149ddedc95ec9a62a7f105b1 sc-av_one_fifth av-equal-height-column-flextable'><div  class='flex_column av-11ndedg-57d16bf8149ddedc95ec9a62a7f105b1 av_one_fifth  avia-builder-el-1  el_before_av_three_fifth  avia-builder-el-first  first flex_column_table_cell av-equal-height-column av-align-top  '     ><\/div><div class='av-flex-placeholder'><\/div>\n<style type=\"text\/css\" data-created_by=\"avia_inline_auto\" id=\"style-css-av-zgzgv8-c7ef6ca23ff170976ecfc35ec8409755\">\n.flex_column.av-zgzgv8-c7ef6ca23ff170976ecfc35ec8409755{\npadding:0 20px 0 20px;\n}\n<\/style>\n<div  class='flex_column av-zgzgv8-c7ef6ca23ff170976ecfc35ec8409755 av_three_fifth  avia-builder-el-2  el_after_av_one_fifth  el_before_av_one_fifth  flex_column_table_cell av-equal-height-column av-align-top  '     ><p>\n<style type=\"text\/css\" data-created_by=\"avia_inline_auto\" id=\"style-css-av-xo12ro-ef6af4b6a5916886a92d7ab0980e02c1\">\n#top .av-special-heading.av-xo12ro-ef6af4b6a5916886a92d7ab0980e02c1{\nmargin:20px 0 0 0;\npadding-bottom:0;\nfont-size:52px;\n}\nbody .av-special-heading.av-xo12ro-ef6af4b6a5916886a92d7ab0980e02c1 .av-special-heading-tag .heading-char{\nfont-size:25px;\n}\n#top #wrap_all .av-special-heading.av-xo12ro-ef6af4b6a5916886a92d7ab0980e02c1 .av-special-heading-tag{\nfont-size:52px;\n}\n.av-special-heading.av-xo12ro-ef6af4b6a5916886a92d7ab0980e02c1 .av-subheading{\nfont-size:15px;\n}\n\n@media only screen and (min-width: 480px) and (max-width: 767px){ \n#top #wrap_all .av-special-heading.av-xo12ro-ef6af4b6a5916886a92d7ab0980e02c1 .av-special-heading-tag{\nfont-size:0.8em;\n}\n}\n\n@media only screen and (max-width: 479px){ \n#top #wrap_all .av-special-heading.av-xo12ro-ef6af4b6a5916886a92d7ab0980e02c1 .av-special-heading-tag{\nfont-size:0.8em;\n}\n}\n<\/style>\n<div  class='av-special-heading av-xo12ro-ef6af4b6a5916886a92d7ab0980e02c1 av-special-heading-h1 blockquote modern-quote modern-centered  avia-builder-el-3  el_before_av_textblock  avia-builder-el-first  av-inherit-size'><h1 class='av-special-heading-tag '  itemprop=\"headline\"  >Referencias<\/h1><div class=\"special-heading-border\"><div class=\"special-heading-inner-border\"><\/div><\/div><\/div><br \/>\n<section  class='av_textblock_section av-wff2es-194b6325126cb34e59fef3e01efad21b '   itemscope=\"itemscope\" itemtype=\"https:\/\/schema.org\/CreativeWork\" ><div class='avia_textblock'  itemprop=\"text\" ><p style=\"text-align: center;\">La confianza, la fiabilidad y las soluciones personalizadas son nuestras principales prioridades en GRAU DATA. Queremos agradecer a todos nuestros clientes la confianza que han depositado en nosotros y la colaboraci\u00f3n agradable y profesional. <\/p>\n<p style=\"text-align: center;\">Aqu\u00ed encontrar\u00e1s una selecci\u00f3n de m\u00e1s de 500 clientes que conf\u00edan en nuestras soluciones:<\/p>\n<\/div><\/section><br \/>\n<div  class='avia-button-wrap av-u4jj04-75ed10a2c4c9e434feb21951bfba08c1-wrap avia-button-center  avia-builder-el-5  el_after_av_textblock  avia-builder-el-last '><a href='https:\/\/www.blockyforveeam.com\/es\/?page_id=6229'  class='avia-button av-u4jj04-75ed10a2c4c9e434feb21951bfba08c1 av-link-btn avia-icon_select-yes-right-icon avia-size-large avia-position-center avia-color-theme-color'   aria-label=\"Solicitar ahora\"><span class='avia_iconbox_title' >Solicitar ahora<\/span><span class='avia_button_icon avia_button_icon_right avia-iconfont avia-font-graudata-icons' data-av_icon='\ue905' data-av_iconfont='graudata-icons' ><\/span><\/a><\/div><\/p><\/div><div class='av-flex-placeholder'><\/div><div  class='flex_column av-sofgf8-2d390a39733ca35513a0f487941de2b9 av_one_fifth  avia-builder-el-6  el_after_av_three_fifth  avia-builder-el-last  flex_column_table_cell av-equal-height-column av-align-top  '     ><\/div><\/div><!--close column table wrapper. Autoclose: 1 -->\n<\/div><\/div><\/main><!-- close content main element --><\/div><\/div>\n<style type=\"text\/css\" data-created_by=\"avia_inline_auto\" id=\"style-css-av-3u5ydg-23a8d8668f41d296eb1be244fa06e01a\">\n.avia-section.av-3u5ydg-23a8d8668f41d296eb1be244fa06e01a{\nbackground-color:#ffffff;\nbackground:linear-gradient( to bottom, #ffffff, #edf5fa );\n}\n<\/style>\n<div id='av_section_2'  class='avia-section av-3u5ydg-23a8d8668f41d296eb1be244fa06e01a main_color avia-section-default avia-no-border-styling  avia-builder-el-7  el_after_av_section  avia-builder-el-last  fullwidth blog_flex avia-bg-style-scroll container_wrap fullsize'  ><div class='container av-section-cont-open' ><div class='template-page content  av-content-full alpha units'><div class='post-entry post-entry-type-page post-entry-6303'><div class='entry-content-wrapper clearfix'>\n<div class='flex_column_table av-lsu4qunh-017a4555b194297425b16e4e6a299810 sc-av_one_half av-equal-height-column-flextable'>\n<style type=\"text\/css\" data-created_by=\"avia_inline_auto\" id=\"style-css-av-lsu4qunh-017a4555b194297425b16e4e6a299810\">\n.flex_column.av-lsu4qunh-017a4555b194297425b16e4e6a299810{\nwidth:48.5%;\nmargin-left:0;\nborder-radius:0 150px 0 0;\nheight:600px;\nbackground:url(https:\/\/www.blockyforveeam.com\/wp-content\/uploads\/2024\/02\/Design-ohne-Titel-10.png) 50% 50% no-repeat scroll ;\n}\n#top .flex_column_table.av-equal-height-column-flextable.av-lsu4qunh-017a4555b194297425b16e4e6a299810 .av-flex-placeholder{\nwidth:3%;\n}\n<\/style>\n<div  class='flex_column av-lsu4qunh-017a4555b194297425b16e4e6a299810 av_one_half  avia-builder-el-8  el_before_av_one_half  avia-builder-el-first  bg-img first flex_column_table_cell av-equal-height-column av-align-middle avia-full-stretch  '     ><\/div><div class='av-flex-placeholder'><\/div>\n<style type=\"text\/css\" data-created_by=\"avia_inline_auto\" id=\"style-css-av-2jyxjo-c2bfdd69a6135687f86518661b14494f\">\n.flex_column.av-2jyxjo-c2bfdd69a6135687f86518661b14494f{\nwidth:48.5%;\nmargin-left:0;\npadding:0 200px 0 200px;\n}\n#top .flex_column_table.av-equal-height-column-flextable.av-2jyxjo-c2bfdd69a6135687f86518661b14494f .av-flex-placeholder{\nwidth:3%;\n}\n<\/style>\n<div  class='flex_column av-2jyxjo-c2bfdd69a6135687f86518661b14494f av_one_half  avia-builder-el-9  el_after_av_one_half  avia-builder-el-last  img_display_none flex_column_table_cell av-equal-height-column av-align-middle  '     ><div   data-autoplay=''  data-interval='5'  data-animation='fade'  data-show_slide_delay='90'  class='avia-content-slider avia-content-grid-active avia-content-slider1 avia-content-slider-odd  avia-builder-el-10  avia-builder-el-no-sibling  '  itemscope=\"itemscope\" itemtype=\"https:\/\/schema.org\/Blog\" ><div class='avia-content-slider-inner'><div class='slide-entry-wrap'><article class='slide-entry flex_column  post-entry post-entry-6277 slide-entry-overview slide-loop-1 slide-parity-odd  post-entry-last  av_fullwidth first real-thumbnail post-format-standard'  itemscope=\"itemscope\" itemtype=\"https:\/\/schema.org\/CreativeWork\" ><a href='https:\/\/www.blockyforveeam.com\/es\/proteccion-contra-ransomware-para-copias-de-seguridad-en-la-universidad-de-luebeck\/' data-rel='slide-1' class='slide-image' title='Protecci\u00f3n contra ransomware para copias de seguridad en la Universidad de L\u00fcbeck'><img decoding=\"async\" fetchpriority=\"high\" width=\"1030\" height=\"361\" src=\"https:\/\/www.blockyforveeam.com\/wp-content\/uploads\/2024\/02\/Design-ohne-Titel-11-1030x361.png\" class=\"wp-image-6278 avia-img-lazy-loading-not-6278 attachment-large size-large wp-post-image\" alt=\"\" srcset=\"https:\/\/www.blockyforveeam.com\/wp-content\/uploads\/2024\/02\/Design-ohne-Titel-11-1030x361.png 1030w, https:\/\/www.blockyforveeam.com\/wp-content\/uploads\/2024\/02\/Design-ohne-Titel-11-300x105.png 300w, https:\/\/www.blockyforveeam.com\/wp-content\/uploads\/2024\/02\/Design-ohne-Titel-11-768x269.png 768w, https:\/\/www.blockyforveeam.com\/wp-content\/uploads\/2024\/02\/Design-ohne-Titel-11-705x247.png 705w, https:\/\/www.blockyforveeam.com\/wp-content\/uploads\/2024\/02\/Design-ohne-Titel-11.png 1200w\" sizes=\"(max-width: 1030px) 100vw, 1030px\" \/><\/a><div class='slide-content'><header class=\"entry-content-header\"><h3 class='slide-entry-title entry-title '  itemprop=\"headline\" ><a href='https:\/\/www.blockyforveeam.com\/es\/proteccion-contra-ransomware-para-copias-de-seguridad-en-la-universidad-de-luebeck\/' title='Protecci\u00f3n contra ransomware para copias de seguridad en la Universidad de L\u00fcbeck'>Protecci\u00f3n contra ransomware para copias de seguridad en la Universidad de L\u00fcbeck<\/a><\/h3><span class=\"av-vertical-delimiter\"><\/span><\/header><div class=\"slide-meta\"><span class='meta-wrapper'><i class='icon-time bo-iconfont'><\/i><time class='slide-meta-time updated'  itemprop=\"datePublished\" datetime=\"2024-02-20T09:59:00+01:00\" >20 de febrero de 2024<\/time><\/span><span class='meta-wrapper'><span class='blog-categories minor-meta cat-name'>Casos pr\u00e1cticos <\/span><\/span><\/div><div class='slide-entry-excerpt entry-content'  itemprop=\"text\" >La Universidad de L\u00fcbeck ha dado un paso pionero en la lucha contra el ransomware. Con Blocky para Veeam\u00ae, protegen de forma proactiva sus datos sensibles. <div class=\"read-more-link\"><a href=\"https:\/\/www.blockyforveeam.com\/es\/proteccion-contra-ransomware-para-copias-de-seguridad-en-la-universidad-de-luebeck\/\" class=\"more-link\">Leer m\u00e1s<span class=\"more-link-arrow\"><\/span><\/a><\/div><\/div><\/div><footer class=\"entry-footer\"><\/footer><span class='hidden'>\n\t\t\t\t<span class='av-structured-data'  itemprop=\"image\" itemscope=\"itemscope\" itemtype=\"https:\/\/schema.org\/ImageObject\" >\n\t\t\t\t\t\t<span itemprop='url'>https:\/\/www.blockyforveeam.com\/wp-content\/uploads\/2024\/02\/Design-ohne-Titel-11.png<\/span>\n\t\t\t\t\t\t<span itemprop='height'>420<\/span>\n\t\t\t\t\t\t<span itemprop='width'>1200<\/span>\n\t\t\t\t<\/span>\n\t\t\t\t<span class='av-structured-data'  itemprop=\"publisher\" itemtype=\"https:\/\/schema.org\/Organization\" itemscope=\"itemscope\" >\n\t\t\t\t\t\t<span itemprop='name'>Christiane Lang<\/span>\n\t\t\t\t\t\t<span itemprop='logo' itemscope itemtype='https:\/\/schema.org\/ImageObject'>\n\t\t\t\t\t\t\t<span itemprop='url'>\/wp-content\/uploads\/2023\/04\/logo_block_for_veeam_logo.svg<\/span>\n\t\t\t\t\t\t<\/span>\n\t\t\t\t<\/span><span class='av-structured-data'  itemprop=\"author\" itemscope=\"itemscope\" itemtype=\"https:\/\/schema.org\/Person\" ><span itemprop='name'>Christiane Lang<\/span><\/span><span class='av-structured-data'  itemprop=\"datePublished\" datetime=\"2023-04-25T11:37:39+02:00\" >2024-02-20 09:59:00<\/span><span class='av-structured-data'  itemprop=\"dateModified\" itemtype=\"https:\/\/schema.org\/dateModified\" >2024-10-08 10:57:09<\/span><span class='av-structured-data'  itemprop=\"mainEntityOfPage\" itemtype=\"https:\/\/schema.org\/mainEntityOfPage\" ><span itemprop='name'>Protecci\u00f3n contra ransomware para copias de seguridad en la Universidad de L\u00fcbeck<\/span><\/span><\/span><\/article><\/div><\/div><\/div><\/div><\/div><!--close column table wrapper. Autoclose: 1 -->\n<\/p>\n","protected":false},"excerpt":{"rendered":"","protected":false},"author":1,"featured_media":0,"parent":0,"menu_order":0,"comment_status":"closed","ping_status":"closed","template":"","meta":{"_acf_changed":false,"footnotes":""},"class_list":["post-6303","page","type-page","status-publish","hentry"],"acf":[],"yoast_head":"<!-- This site is optimized with the Yoast SEO plugin v27.3 - https:\/\/yoast.com\/product\/yoast-seo-wordpress\/ -->\n<title>Referencias - Blocky for Veeam<\/title>\n<meta name=\"robots\" content=\"index, follow, max-snippet:-1, max-image-preview:large, max-video-preview:-1\" \/>\n<link rel=\"canonical\" href=\"https:\/\/www.blockyforveeam.com\/es\/referencias\/\" \/>\n<meta property=\"og:locale\" content=\"es_ES\" \/>\n<meta property=\"og:type\" content=\"article\" \/>\n<meta property=\"og:title\" content=\"Referencias - Blocky for Veeam\" \/>\n<meta property=\"og:url\" content=\"https:\/\/www.blockyforveeam.com\/es\/referencias\/\" \/>\n<meta property=\"og:site_name\" content=\"Blocky for Veeam\" \/>\n<meta property=\"article:modified_time\" content=\"2024-10-08T08:57:13+00:00\" \/>\n<meta name=\"twitter:card\" content=\"summary_large_image\" \/>\n<meta name=\"twitter:label1\" content=\"Tiempo de lectura\" \/>\n\t<meta name=\"twitter:data1\" content=\"14 minutos\" \/>\n<script type=\"application\/ld+json\" class=\"yoast-schema-graph\">{\"@context\":\"https:\\\/\\\/schema.org\",\"@graph\":[{\"@type\":\"WebPage\",\"@id\":\"https:\\\/\\\/www.blockyforveeam.com\\\/es\\\/referencias\\\/\",\"url\":\"https:\\\/\\\/www.blockyforveeam.com\\\/es\\\/referencias\\\/\",\"name\":\"Referencias - Blocky for Veeam\",\"isPartOf\":{\"@id\":\"https:\\\/\\\/www.blockyforveeam.com\\\/es\\\/#website\"},\"datePublished\":\"2023-04-25T09:37:39+00:00\",\"dateModified\":\"2024-10-08T08:57:13+00:00\",\"breadcrumb\":{\"@id\":\"https:\\\/\\\/www.blockyforveeam.com\\\/es\\\/referencias\\\/#breadcrumb\"},\"inLanguage\":\"es\",\"potentialAction\":[{\"@type\":\"ReadAction\",\"target\":[\"https:\\\/\\\/www.blockyforveeam.com\\\/es\\\/referencias\\\/\"]}]},{\"@type\":\"BreadcrumbList\",\"@id\":\"https:\\\/\\\/www.blockyforveeam.com\\\/es\\\/referencias\\\/#breadcrumb\",\"itemListElement\":[{\"@type\":\"ListItem\",\"position\":1,\"name\":\"Startseite\",\"item\":\"https:\\\/\\\/www.blockyforveeam.com\\\/es\\\/\"},{\"@type\":\"ListItem\",\"position\":2,\"name\":\"Referencias\"}]},{\"@type\":\"WebSite\",\"@id\":\"https:\\\/\\\/www.blockyforveeam.com\\\/es\\\/#website\",\"url\":\"https:\\\/\\\/www.blockyforveeam.com\\\/es\\\/\",\"name\":\"Blocky for Veeam\",\"description\":\"Ransomware-Schutz f\u00fcr Veeam Backups\",\"potentialAction\":[{\"@type\":\"SearchAction\",\"target\":{\"@type\":\"EntryPoint\",\"urlTemplate\":\"https:\\\/\\\/www.blockyforveeam.com\\\/es\\\/?s={search_term_string}\"},\"query-input\":{\"@type\":\"PropertyValueSpecification\",\"valueRequired\":true,\"valueName\":\"search_term_string\"}}],\"inLanguage\":\"es\"}]}<\/script>\n<!-- \/ Yoast SEO plugin. -->","yoast_head_json":{"title":"Referencias - Blocky for Veeam","robots":{"index":"index","follow":"follow","max-snippet":"max-snippet:-1","max-image-preview":"max-image-preview:large","max-video-preview":"max-video-preview:-1"},"canonical":"https:\/\/www.blockyforveeam.com\/es\/referencias\/","og_locale":"es_ES","og_type":"article","og_title":"Referencias - Blocky for Veeam","og_url":"https:\/\/www.blockyforveeam.com\/es\/referencias\/","og_site_name":"Blocky for Veeam","article_modified_time":"2024-10-08T08:57:13+00:00","twitter_card":"summary_large_image","twitter_misc":{"Tiempo de lectura":"14 minutos"},"schema":{"@context":"https:\/\/schema.org","@graph":[{"@type":"WebPage","@id":"https:\/\/www.blockyforveeam.com\/es\/referencias\/","url":"https:\/\/www.blockyforveeam.com\/es\/referencias\/","name":"Referencias - Blocky for Veeam","isPartOf":{"@id":"https:\/\/www.blockyforveeam.com\/es\/#website"},"datePublished":"2023-04-25T09:37:39+00:00","dateModified":"2024-10-08T08:57:13+00:00","breadcrumb":{"@id":"https:\/\/www.blockyforveeam.com\/es\/referencias\/#breadcrumb"},"inLanguage":"es","potentialAction":[{"@type":"ReadAction","target":["https:\/\/www.blockyforveeam.com\/es\/referencias\/"]}]},{"@type":"BreadcrumbList","@id":"https:\/\/www.blockyforveeam.com\/es\/referencias\/#breadcrumb","itemListElement":[{"@type":"ListItem","position":1,"name":"Startseite","item":"https:\/\/www.blockyforveeam.com\/es\/"},{"@type":"ListItem","position":2,"name":"Referencias"}]},{"@type":"WebSite","@id":"https:\/\/www.blockyforveeam.com\/es\/#website","url":"https:\/\/www.blockyforveeam.com\/es\/","name":"Blocky for Veeam","description":"Ransomware-Schutz f\u00fcr Veeam Backups","potentialAction":[{"@type":"SearchAction","target":{"@type":"EntryPoint","urlTemplate":"https:\/\/www.blockyforveeam.com\/es\/?s={search_term_string}"},"query-input":{"@type":"PropertyValueSpecification","valueRequired":true,"valueName":"search_term_string"}}],"inLanguage":"es"}]}},"_links":{"self":[{"href":"https:\/\/www.blockyforveeam.com\/es\/wp-json\/wp\/v2\/pages\/6303","targetHints":{"allow":["GET"]}}],"collection":[{"href":"https:\/\/www.blockyforveeam.com\/es\/wp-json\/wp\/v2\/pages"}],"about":[{"href":"https:\/\/www.blockyforveeam.com\/es\/wp-json\/wp\/v2\/types\/page"}],"author":[{"embeddable":true,"href":"https:\/\/www.blockyforveeam.com\/es\/wp-json\/wp\/v2\/users\/1"}],"replies":[{"embeddable":true,"href":"https:\/\/www.blockyforveeam.com\/es\/wp-json\/wp\/v2\/comments?post=6303"}],"version-history":[{"count":0,"href":"https:\/\/www.blockyforveeam.com\/es\/wp-json\/wp\/v2\/pages\/6303\/revisions"}],"wp:attachment":[{"href":"https:\/\/www.blockyforveeam.com\/es\/wp-json\/wp\/v2\/media?parent=6303"}],"curies":[{"name":"wp","href":"https:\/\/api.w.org\/{rel}","templated":true}]}}